{"id":842,"date":"2024-02-28T09:04:27","date_gmt":"2024-02-28T08:04:27","guid":{"rendered":"https:\/\/www.camping-signes.fr\/standorte\/"},"modified":"2024-10-02T10:41:33","modified_gmt":"2024-10-02T08:41:33","slug":"standorte","status":"publish","type":"page","link":"https:\/\/www.camping-signes.fr\/de\/standorte\/","title":{"rendered":"Standorte"},"content":{"rendered":"\n<div class=\"is-layout-flow wp-block-group alignfull diaporama-header R-05\">\n<figure class=\"is-layout-flex wp-block-gallery-1 wp-block-gallery has-nested-images columns-default is-cropped fc-auto\">\n<figure class=\"wp-block-image size-full fc-auto\"><img decoding=\"async\" loading=\"lazy\" width=\"1920\" height=\"960\" src=\"https:\/\/www.camping-signes.fr\/wp-content\/uploads\/2024\/02\/AdobeStock_215070688.webp\" alt=\"\" class=\"wp-image-478\" srcset=\"https:\/\/www.camping-signes.fr\/wp-content\/uploads\/2024\/02\/AdobeStock_215070688.webp 1920w, https:\/\/www.camping-signes.fr\/wp-content\/uploads\/2024\/02\/AdobeStock_215070688-300x150.webp 300w, https:\/\/www.camping-signes.fr\/wp-content\/uploads\/2024\/02\/AdobeStock_215070688-1024x512.webp 1024w, https:\/\/www.camping-signes.fr\/wp-content\/uploads\/2024\/02\/AdobeStock_215070688-768x384.webp 768w, https:\/\/www.camping-signes.fr\/wp-content\/uploads\/2024\/02\/AdobeStock_215070688-1536x768.webp 1536w\" sizes=\"(max-width: 1920px) 100vw, 1920px\" title=\"\"><\/figure>\n<\/figure>\n<\/div>\n\n\n\n<div class=\"is-layout-flex wp-container-9 wp-block-columns R-10 reverse-mob\">\n<div class=\"is-layout-flow wp-block-column galerie\">\n<figure class=\"is-layout-flex wp-block-gallery-4 wp-block-gallery has-nested-images columns-default is-cropped fc-diapo-mob fc-auto\">\n<figure class=\"wp-block-image size-full fade-up fc-auto\"><img decoding=\"async\" loading=\"lazy\" width=\"1920\" height=\"1280\" src=\"https:\/\/www.camping-signes.fr\/wp-content\/uploads\/2024\/02\/AdobeStock_508193012.webp\" alt=\"\" class=\"wp-image-542\" srcset=\"https:\/\/www.camping-signes.fr\/wp-content\/uploads\/2024\/02\/AdobeStock_508193012.webp 1920w, https:\/\/www.camping-signes.fr\/wp-content\/uploads\/2024\/02\/AdobeStock_508193012-300x200.webp 300w, https:\/\/www.camping-signes.fr\/wp-content\/uploads\/2024\/02\/AdobeStock_508193012-1024x683.webp 1024w, https:\/\/www.camping-signes.fr\/wp-content\/uploads\/2024\/02\/AdobeStock_508193012-768x512.webp 768w, https:\/\/www.camping-signes.fr\/wp-content\/uploads\/2024\/02\/AdobeStock_508193012-1536x1024.webp 1536w\" sizes=\"(max-width: 1920px) 100vw, 1920px\" title=\"\"><\/figure>\n\n\n\n<figure class=\"wp-block-image size-full fade-up fc-auto\"><img decoding=\"async\" loading=\"lazy\" width=\"1920\" height=\"1280\" src=\"https:\/\/www.camping-signes.fr\/wp-content\/uploads\/2024\/02\/AdobeStock_88567226.webp\" alt=\"\" class=\"wp-image-579\" srcset=\"https:\/\/www.camping-signes.fr\/wp-content\/uploads\/2024\/02\/AdobeStock_88567226.webp 1920w, https:\/\/www.camping-signes.fr\/wp-content\/uploads\/2024\/02\/AdobeStock_88567226-300x200.webp 300w, https:\/\/www.camping-signes.fr\/wp-content\/uploads\/2024\/02\/AdobeStock_88567226-1024x683.webp 1024w, https:\/\/www.camping-signes.fr\/wp-content\/uploads\/2024\/02\/AdobeStock_88567226-768x512.webp 768w, https:\/\/www.camping-signes.fr\/wp-content\/uploads\/2024\/02\/AdobeStock_88567226-1536x1024.webp 1536w\" sizes=\"(max-width: 1920px) 100vw, 1920px\" title=\"\"><\/figure>\n\n\n\n<figure class=\"wp-block-image size-full fade-up fc-auto\"><img decoding=\"async\" loading=\"lazy\" width=\"1920\" height=\"1073\" src=\"https:\/\/www.camping-signes.fr\/wp-content\/uploads\/2024\/02\/AdobeStock_88649358.webp\" alt=\"\" class=\"wp-image-502\" srcset=\"https:\/\/www.camping-signes.fr\/wp-content\/uploads\/2024\/02\/AdobeStock_88649358.webp 1920w, https:\/\/www.camping-signes.fr\/wp-content\/uploads\/2024\/02\/AdobeStock_88649358-300x168.webp 300w, https:\/\/www.camping-signes.fr\/wp-content\/uploads\/2024\/02\/AdobeStock_88649358-1024x572.webp 1024w, https:\/\/www.camping-signes.fr\/wp-content\/uploads\/2024\/02\/AdobeStock_88649358-768x429.webp 768w, https:\/\/www.camping-signes.fr\/wp-content\/uploads\/2024\/02\/AdobeStock_88649358-1536x858.webp 1536w\" sizes=\"(max-width: 1920px) 100vw, 1920px\" title=\"\"><\/figure>\n<\/figure>\n<\/div>\n\n\n\n<div class=\"is-layout-flow wp-block-column texte\">\n<h1 class=\"has-bleu-color has-text-color\">Stellpl\u00e4tze im Var auf dem Campingplatz La Roudeli\u00e8re<\/h1>\n\n\n\n<p>Tr\u00e4umen Sie von einem <strong>Urlaub in der Natur<\/strong>, um neue Energie zu tanken? Entdecken Sie die <strong>Gr\u00fcne Provence<\/strong> und buchen Sie Ihren Aufenthalt in der Domaine de La Roudeli\u00e8re.<\/p>\n\n\n\n<div class=\"is-layout-flex wp-block-buttons\">\n<div class=\"wp-block-button\"><a class=\"wp-block-button__link wp-element-button\" href=\"https:\/\/www.camping-signes.fr\/de\/fotogalerie\/?galerie=hebergements\">Siehe die Fotogalerie  <span class=\"fc-icon arrow-right-regular\"><\/span><\/a><\/div>\n<\/div>\n\n\n\n<p class=\"citation\">Leben Sie im Rhythmus der <span class=\"fc-span\">Natur<\/span><\/p>\n<\/div>\n<\/div>\n\n\n\n<div class=\"is-layout-flex wp-container-13 wp-block-columns R-35 fade-up\">\n<div class=\"is-layout-flow wp-block-column\">\n<figure class=\"wp-block-image size-full fc-auto\"><img decoding=\"async\" loading=\"lazy\" width=\"128\" height=\"128\" src=\"https:\/\/www.camping-signes.fr\/wp-content\/uploads\/2024\/02\/Reconnexion.png\" alt=\"\" class=\"wp-image-230\" title=\"\"><\/figure>\n\n\n\n<p class=\"has-text-align-center\">Die Wiederverbindung<\/p>\n<\/div>\n\n\n\n<div class=\"is-layout-flow wp-block-column\">\n<figure class=\"wp-block-image size-full fc-auto\"><img decoding=\"async\" loading=\"lazy\" width=\"128\" height=\"128\" src=\"https:\/\/www.camping-signes.fr\/wp-content\/uploads\/2024\/02\/Feuille.png\" alt=\"\" class=\"wp-image-210\" title=\"\"><\/figure>\n\n\n\n<p class=\"has-text-align-center\">Die Natur<\/p>\n<\/div>\n\n\n\n<div class=\"is-layout-flow wp-block-column\">\n<figure class=\"wp-block-image size-full fc-auto\"><img decoding=\"async\" loading=\"lazy\" width=\"128\" height=\"128\" src=\"https:\/\/www.camping-signes.fr\/wp-content\/uploads\/2024\/02\/Jumelles.png\" alt=\"\" class=\"wp-image-214\" title=\"\"><\/figure>\n\n\n\n<p class=\"has-text-align-center\">Die Entdeckung<\/p>\n<\/div>\n<\/div>\n\n\n\n<div class=\"is-layout-flex wp-container-20 wp-block-columns alignfull R-25 reverse-mob has-gris-background-color has-background\">\n<div class=\"is-layout-flow wp-block-column texte\">\n<h2 class=\"has-bleu-color has-text-color\">Ideal f\u00fcr Ihren Urlaub mit Zelten, Wohnwagen und Wohnmobilen<\/h2>\n\n\n\n<p>Wir bieten Ihnen <strong>48 abgegrenzte Stellpl\u00e4tze von 80m\u00b2<\/strong> an. Camper verf\u00fcgen \u00fcber einen Stromanschluss. F\u00fcr Ihren Komfort sollten Sie an Verl\u00e4ngerungskabel und Steckdosen denken. Au\u00dferdem finden Sie 1 neuen Sanit\u00e4rblock (Waschbecken, Duschen, WCs) sowie einen kostenpflichtigen Waschraum.<\/p>\n\n\n\n<figure class=\"is-layout-flex wp-block-gallery-14 wp-block-gallery has-nested-images columns-2 is-cropped hide-mob fc-auto\">\n<figure class=\"wp-block-image size-full fade-up fc-auto\"><img decoding=\"async\" loading=\"lazy\" width=\"1920\" height=\"1080\" src=\"https:\/\/www.camping-signes.fr\/wp-content\/uploads\/2024\/02\/AdobeStock_480269512.webp\" alt=\"\" class=\"wp-image-587\" srcset=\"https:\/\/www.camping-signes.fr\/wp-content\/uploads\/2024\/02\/AdobeStock_480269512.webp 1920w, https:\/\/www.camping-signes.fr\/wp-content\/uploads\/2024\/02\/AdobeStock_480269512-300x169.webp 300w, https:\/\/www.camping-signes.fr\/wp-content\/uploads\/2024\/02\/AdobeStock_480269512-1024x576.webp 1024w, https:\/\/www.camping-signes.fr\/wp-content\/uploads\/2024\/02\/AdobeStock_480269512-768x432.webp 768w, https:\/\/www.camping-signes.fr\/wp-content\/uploads\/2024\/02\/AdobeStock_480269512-1536x864.webp 1536w\" sizes=\"(max-width: 1920px) 100vw, 1920px\" title=\"\"><\/figure>\n\n\n\n<figure class=\"wp-block-image size-full fade-up fc-auto\"><img decoding=\"async\" loading=\"lazy\" width=\"1920\" height=\"1280\" src=\"https:\/\/www.camping-signes.fr\/wp-content\/uploads\/2024\/02\/AdobeStock_409477205.webp\" alt=\"\" class=\"wp-image-607\" srcset=\"https:\/\/www.camping-signes.fr\/wp-content\/uploads\/2024\/02\/AdobeStock_409477205.webp 1920w, https:\/\/www.camping-signes.fr\/wp-content\/uploads\/2024\/02\/AdobeStock_409477205-300x200.webp 300w, https:\/\/www.camping-signes.fr\/wp-content\/uploads\/2024\/02\/AdobeStock_409477205-1024x683.webp 1024w, https:\/\/www.camping-signes.fr\/wp-content\/uploads\/2024\/02\/AdobeStock_409477205-768x512.webp 768w, https:\/\/www.camping-signes.fr\/wp-content\/uploads\/2024\/02\/AdobeStock_409477205-1536x1024.webp 1536w\" sizes=\"(max-width: 1920px) 100vw, 1920px\" title=\"\"><\/figure>\n<\/figure>\n<\/div>\n\n\n\n<div class=\"is-layout-flow wp-block-column galerie\">\n<figure class=\"is-layout-flex wp-block-gallery-17 wp-block-gallery has-nested-images columns-2 is-cropped fc-diapo-mob fc-auto\">\n<figure class=\"wp-block-image size-full fade-up fc-auto\"><img decoding=\"async\" loading=\"lazy\" width=\"1440\" height=\"1920\" src=\"https:\/\/www.camping-signes.fr\/wp-content\/uploads\/2024\/02\/AdobeStock_381468992.webp\" alt=\"\" class=\"wp-image-575\" srcset=\"https:\/\/www.camping-signes.fr\/wp-content\/uploads\/2024\/02\/AdobeStock_381468992.webp 1440w, https:\/\/www.camping-signes.fr\/wp-content\/uploads\/2024\/02\/AdobeStock_381468992-225x300.webp 225w, https:\/\/www.camping-signes.fr\/wp-content\/uploads\/2024\/02\/AdobeStock_381468992-768x1024.webp 768w, https:\/\/www.camping-signes.fr\/wp-content\/uploads\/2024\/02\/AdobeStock_381468992-1152x1536.webp 1152w\" sizes=\"(max-width: 1440px) 100vw, 1440px\" title=\"\"><\/figure>\n\n\n\n<figure class=\"wp-block-image size-full fade-up fc-auto\"><img decoding=\"async\" loading=\"lazy\" width=\"1868\" height=\"1920\" src=\"https:\/\/www.camping-signes.fr\/wp-content\/uploads\/2024\/02\/AdobeStock_276570107.webp\" alt=\"\" class=\"wp-image-559\" srcset=\"https:\/\/www.camping-signes.fr\/wp-content\/uploads\/2024\/02\/AdobeStock_276570107.webp 1868w, https:\/\/www.camping-signes.fr\/wp-content\/uploads\/2024\/02\/AdobeStock_276570107-292x300.webp 292w, https:\/\/www.camping-signes.fr\/wp-content\/uploads\/2024\/02\/AdobeStock_276570107-996x1024.webp 996w, https:\/\/www.camping-signes.fr\/wp-content\/uploads\/2024\/02\/AdobeStock_276570107-768x789.webp 768w, https:\/\/www.camping-signes.fr\/wp-content\/uploads\/2024\/02\/AdobeStock_276570107-1494x1536.webp 1494w\" sizes=\"(max-width: 1868px) 100vw, 1868px\" title=\"\"><\/figure>\n\n\n\n<figure class=\"wp-block-image size-full fade-up fc-auto\"><img decoding=\"async\" loading=\"lazy\" width=\"1280\" height=\"1920\" src=\"https:\/\/www.camping-signes.fr\/wp-content\/uploads\/2024\/02\/AdobeStock_471832050.webp\" alt=\"\" class=\"wp-image-571\" srcset=\"https:\/\/www.camping-signes.fr\/wp-content\/uploads\/2024\/02\/AdobeStock_471832050.webp 1280w, https:\/\/www.camping-signes.fr\/wp-content\/uploads\/2024\/02\/AdobeStock_471832050-200x300.webp 200w, https:\/\/www.camping-signes.fr\/wp-content\/uploads\/2024\/02\/AdobeStock_471832050-683x1024.webp 683w, https:\/\/www.camping-signes.fr\/wp-content\/uploads\/2024\/02\/AdobeStock_471832050-768x1152.webp 768w, https:\/\/www.camping-signes.fr\/wp-content\/uploads\/2024\/02\/AdobeStock_471832050-1024x1536.webp 1024w\" sizes=\"(max-width: 1280px) 100vw, 1280px\" title=\"\"><\/figure>\n\n\n\n<figure class=\"wp-block-image size-full fade-up fc-auto\"><img decoding=\"async\" loading=\"lazy\" width=\"1281\" height=\"1920\" src=\"https:\/\/www.camping-signes.fr\/wp-content\/uploads\/2024\/02\/AdobeStock_494992793.webp\" alt=\"\" class=\"wp-image-567\" srcset=\"https:\/\/www.camping-signes.fr\/wp-content\/uploads\/2024\/02\/AdobeStock_494992793.webp 1281w, https:\/\/www.camping-signes.fr\/wp-content\/uploads\/2024\/02\/AdobeStock_494992793-200x300.webp 200w, https:\/\/www.camping-signes.fr\/wp-content\/uploads\/2024\/02\/AdobeStock_494992793-683x1024.webp 683w, https:\/\/www.camping-signes.fr\/wp-content\/uploads\/2024\/02\/AdobeStock_494992793-768x1151.webp 768w, https:\/\/www.camping-signes.fr\/wp-content\/uploads\/2024\/02\/AdobeStock_494992793-1025x1536.webp 1025w\" sizes=\"(max-width: 1281px) 100vw, 1281px\" title=\"\"><\/figure>\n<\/figure>\n\n\n\n<p class=\"citation\">Natur &amp; <span class=\"fc-span\">Abwechslung<\/span><\/p>\n<\/div>\n<\/div>\n","protected":false},"excerpt":{"rendered":"<p>Stellpl\u00e4tze im Var auf dem Campingplatz La Roudeli\u00e8re Tr\u00e4umen Sie von einem Urlaub in der Natur, um neue Energie zu tanken? Entdecken Sie die Gr\u00fcne Provence und buchen Sie Ihren Aufenthalt in der Domaine de La Roudeli\u00e8re. Leben Sie im Rhythmus der Natur Die Wiederverbindung Die Natur Die Entdeckung Ideal f\u00fcr Ihren Urlaub mit Zelten, [&hellip;]<\/p>\n","protected":false},"author":1,"featured_media":0,"parent":0,"menu_order":0,"comment_status":"closed","ping_status":"closed","template":"","meta":[],"acf":[],"_links":{"self":[{"href":"https:\/\/www.camping-signes.fr\/de\/wp-json\/wp\/v2\/pages\/842"}],"collection":[{"href":"https:\/\/www.camping-signes.fr\/de\/wp-json\/wp\/v2\/pages"}],"about":[{"href":"https:\/\/www.camping-signes.fr\/de\/wp-json\/wp\/v2\/types\/page"}],"author":[{"embeddable":true,"href":"https:\/\/www.camping-signes.fr\/de\/wp-json\/wp\/v2\/users\/1"}],"replies":[{"embeddable":true,"href":"https:\/\/www.camping-signes.fr\/de\/wp-json\/wp\/v2\/comments?post=842"}],"version-history":[{"count":6,"href":"https:\/\/www.camping-signes.fr\/de\/wp-json\/wp\/v2\/pages\/842\/revisions"}],"predecessor-version":[{"id":1343,"href":"https:\/\/www.camping-signes.fr\/de\/wp-json\/wp\/v2\/pages\/842\/revisions\/1343"}],"wp:attachment":[{"href":"https:\/\/www.camping-signes.fr\/de\/wp-json\/wp\/v2\/media?parent=842"}],"curies":[{"name":"wp","href":"https:\/\/api.w.org\/{rel}","templated":true}]}}