{"id":848,"date":"2024-02-28T09:04:27","date_gmt":"2024-02-28T08:04:27","guid":{"rendered":"https:\/\/www.camping-signes.fr\/tourismus\/"},"modified":"2024-10-02T10:43:10","modified_gmt":"2024-10-02T08:43:10","slug":"tourismus","status":"publish","type":"page","link":"https:\/\/www.camping-signes.fr\/de\/tourismus\/","title":{"rendered":"Tourismus"},"content":{"rendered":"\n<div class=\"is-layout-flow wp-block-group alignfull diaporama-header R-05\">\n<figure class=\"is-layout-flex wp-block-gallery-1 wp-block-gallery has-nested-images columns-default is-cropped fc-auto\">\n<figure class=\"wp-block-image size-full fc-auto\"><img decoding=\"async\" loading=\"lazy\" width=\"1920\" height=\"1280\" src=\"https:\/\/www.camping-signes.fr\/wp-content\/uploads\/2024\/02\/AdobeStock_635186987.webp\" alt=\"\" class=\"wp-image-514\" srcset=\"https:\/\/www.camping-signes.fr\/wp-content\/uploads\/2024\/02\/AdobeStock_635186987.webp 1920w, https:\/\/www.camping-signes.fr\/wp-content\/uploads\/2024\/02\/AdobeStock_635186987-300x200.webp 300w, https:\/\/www.camping-signes.fr\/wp-content\/uploads\/2024\/02\/AdobeStock_635186987-1024x683.webp 1024w, https:\/\/www.camping-signes.fr\/wp-content\/uploads\/2024\/02\/AdobeStock_635186987-768x512.webp 768w, https:\/\/www.camping-signes.fr\/wp-content\/uploads\/2024\/02\/AdobeStock_635186987-1536x1024.webp 1536w\" sizes=\"(max-width: 1920px) 100vw, 1920px\" title=\"\"><\/figure>\n<\/figure>\n<\/div>\n\n\n\n<div class=\"is-layout-flex wp-container-9 wp-block-columns R-10 reverse-mob\">\n<div class=\"is-layout-flow wp-block-column galerie\">\n<figure class=\"is-layout-flex wp-block-gallery-4 wp-block-gallery has-nested-images columns-default is-cropped fc-diapo-mob fc-auto\">\n<figure class=\"wp-block-image size-full fade-up fc-auto\"><img decoding=\"async\" loading=\"lazy\" width=\"1920\" height=\"1281\" src=\"https:\/\/www.camping-signes.fr\/wp-content\/uploads\/2024\/02\/AdobeStock_277494719.webp\" alt=\"\" class=\"wp-image-530\" srcset=\"https:\/\/www.camping-signes.fr\/wp-content\/uploads\/2024\/02\/AdobeStock_277494719.webp 1920w, https:\/\/www.camping-signes.fr\/wp-content\/uploads\/2024\/02\/AdobeStock_277494719-300x200.webp 300w, https:\/\/www.camping-signes.fr\/wp-content\/uploads\/2024\/02\/AdobeStock_277494719-1024x683.webp 1024w, https:\/\/www.camping-signes.fr\/wp-content\/uploads\/2024\/02\/AdobeStock_277494719-768x512.webp 768w, https:\/\/www.camping-signes.fr\/wp-content\/uploads\/2024\/02\/AdobeStock_277494719-1536x1025.webp 1536w\" sizes=\"(max-width: 1920px) 100vw, 1920px\" title=\"\"><\/figure>\n\n\n\n<figure class=\"wp-block-image size-full fade-up fc-auto\"><img decoding=\"async\" loading=\"lazy\" width=\"1920\" height=\"1281\" src=\"https:\/\/www.camping-signes.fr\/wp-content\/uploads\/2024\/02\/AdobeStock_61242806.webp\" alt=\"\" class=\"wp-image-534\" srcset=\"https:\/\/www.camping-signes.fr\/wp-content\/uploads\/2024\/02\/AdobeStock_61242806.webp 1920w, https:\/\/www.camping-signes.fr\/wp-content\/uploads\/2024\/02\/AdobeStock_61242806-300x200.webp 300w, https:\/\/www.camping-signes.fr\/wp-content\/uploads\/2024\/02\/AdobeStock_61242806-1024x683.webp 1024w, https:\/\/www.camping-signes.fr\/wp-content\/uploads\/2024\/02\/AdobeStock_61242806-768x512.webp 768w, https:\/\/www.camping-signes.fr\/wp-content\/uploads\/2024\/02\/AdobeStock_61242806-1536x1025.webp 1536w\" sizes=\"(max-width: 1920px) 100vw, 1920px\" title=\"\"><\/figure>\n\n\n\n<figure class=\"wp-block-image size-full fade-up fc-auto\"><img decoding=\"async\" loading=\"lazy\" width=\"1920\" height=\"1280\" src=\"https:\/\/www.camping-signes.fr\/wp-content\/uploads\/2024\/02\/AdobeStock_200613567.webp\" alt=\"\" class=\"wp-image-538\" srcset=\"https:\/\/www.camping-signes.fr\/wp-content\/uploads\/2024\/02\/AdobeStock_200613567.webp 1920w, https:\/\/www.camping-signes.fr\/wp-content\/uploads\/2024\/02\/AdobeStock_200613567-300x200.webp 300w, https:\/\/www.camping-signes.fr\/wp-content\/uploads\/2024\/02\/AdobeStock_200613567-1024x683.webp 1024w, https:\/\/www.camping-signes.fr\/wp-content\/uploads\/2024\/02\/AdobeStock_200613567-768x512.webp 768w, https:\/\/www.camping-signes.fr\/wp-content\/uploads\/2024\/02\/AdobeStock_200613567-1536x1024.webp 1536w\" sizes=\"(max-width: 1920px) 100vw, 1920px\" title=\"\"><\/figure>\n<\/figure>\n<\/div>\n\n\n\n<div class=\"is-layout-flow wp-block-column texte\">\n<h1 class=\"has-bleu-color has-text-color\">Entdecken Sie die Region Provence Alpes C\u00f4tes d&#8217;Azur<\/h1>\n\n\n\n<p>Entdecken Sie bei Ihrem Aufenthalt auf dem Campingplatz La Roudeli\u00e8re eine Oase des Friedens an den Toren der <strong>Sainte Baume<\/strong>, 5 Gehminuten vom Dorf Signes und 35 Autominuten vom Meer entfernt.<\/p>\n\n\n\n<div class=\"is-layout-flex wp-block-buttons\">\n<div class=\"wp-block-button\"><a class=\"wp-block-button__link wp-element-button\" href=\"https:\/\/www.camping-signes.fr\/de\/fotogalerie\/?galerie=alentours\">Siehe die Fotogalerie  <span class=\"fc-icon arrow-right-regular\"><\/span><\/a><\/div>\n<\/div>\n\n\n\n<p class=\"citation\">Ein <span class=\"fc-span\">ideales<\/span> Reiseziel<\/p>\n<\/div>\n<\/div>\n\n\n\n<div class=\"is-layout-constrained wp-block-group fade-up\">\n<ul class=\"pictos\">\n<li><span class=\"fc-icon water-regular\"><\/span>  Fl\u00fcsse <span class=\"fc-span\">&amp; Wasserstellen<\/span><\/li>\n\n\n\n<li><span class=\"fc-icon mountains-regular\"><\/span>  Berge<\/li>\n\n\n\n<li><span class=\"fc-icon trees-regular\"><\/span> <span class=\"fc-span\">Nat\u00fcrliche<\/span> Umgebung<\/li>\n<\/ul>\n<\/div>\n\n\n\n<div class=\"is-layout-constrained wp-block-group\">\r\n<section id=\"fc-alentours\" class=\"wp-block-columns\">\r\n\r\n  <div id=\"listing-alentours\" class=\"wp-block-column\">\r\n    \r\n    <div class=\"filtres\">\r\n      <div>\r\n        <input id=\"all\" name=\"filter\" type=\"radio\" class=\"all-input\" checked=\"checked\" \/>\r\n        <label for=\"all\" class=\"all-label\">Alle Orte<\/label>\r\n      <\/div>\r\n      <div><input id=\"aktivitaten\" name=\"filter\" type=\"radio\" \/><label for=\"aktivitaten\">Aktivit\u00e4ten<\/label><\/div><div><input id=\"entdeckung\" name=\"filter\" type=\"radio\" \/><label for=\"entdeckung\">Entdeckung<\/label><\/div><div><input id=\"sport-sensation-de\" name=\"filter\" type=\"radio\" \/><label for=\"sport-sensation-de\">Sport &amp; Sensation<\/label><\/div>      <input type='hidden' id='current_page'\/>\r\n      <input type='hidden' id='show_per_page'\/>\r\n    <\/div>\r\n\r\n    <div id=\"listing\">\r\n              <article class=\"lieu-alentour currentCat visuel\" data-cat=\"sport-sensation-de\" data-slug=\"wanderungen\" data-icone=\"volleyball-solid\" data-couleur=\"\" data-latitude=\"43.290934\" data-longitude=\"5.863162\">\r\n          <div class=\"texte-lieu\">\r\n            <p class=\"categorie-lieu\">\r\n              <i class=\"volleyball-solid ac\"><\/i>Sport &amp; Sensation            <\/p>\r\n            <p class=\"titre-lieu\">Wanderungen<\/p>\r\n          <\/div>\r\n          <img width=\"1024\" height=\"592\" src=\"https:\/\/www.camping-signes.fr\/wp-content\/uploads\/2024\/02\/randonee-1024x592-1.jpg\" class=\"attachment-large size-large\" alt=\"\" decoding=\"async\" loading=\"lazy\" srcset=\"https:\/\/www.camping-signes.fr\/wp-content\/uploads\/2024\/02\/randonee-1024x592-1.jpg 1024w, https:\/\/www.camping-signes.fr\/wp-content\/uploads\/2024\/02\/randonee-1024x592-1-300x173.jpg 300w, https:\/\/www.camping-signes.fr\/wp-content\/uploads\/2024\/02\/randonee-1024x592-1-768x444.jpg 768w\" sizes=\"(max-width: 1024px) 100vw, 1024px\" title=\"\">        <\/article>\r\n              <a href=\"https:\/\/www.camping-signes.fr\/de\/alentours\/paragliding-flug\/\" class=\"lieu-alentour currentCat visuel\" data-cat=\"sport-sensation-de\" data-slug=\"paragliding-flug\" data-icone=\"volleyball-solid\" data-couleur=\"\" data-latitude=\"43.2885858\" data-longitude=\"5.8578468\">\r\n          <div class=\"texte-lieu\">\r\n            <p class=\"categorie-lieu\">\r\n              <i class=\"volleyball-solid ac\"><\/i>Sport &amp; Sensation            <\/p>\r\n            <p class=\"titre-lieu\">Gleitschirmfliegen <span class=\"icon-hover-card\"><\/span><\/p>\r\n          <\/div>\r\n          <img width=\"1024\" height=\"592\" src=\"https:\/\/www.camping-signes.fr\/wp-content\/uploads\/2024\/02\/parapente-signes-1024x592-1.jpg\" class=\"attachment-large size-large\" alt=\"\" decoding=\"async\" loading=\"lazy\" srcset=\"https:\/\/www.camping-signes.fr\/wp-content\/uploads\/2024\/02\/parapente-signes-1024x592-1.jpg 1024w, https:\/\/www.camping-signes.fr\/wp-content\/uploads\/2024\/02\/parapente-signes-1024x592-1-300x173.jpg 300w, https:\/\/www.camping-signes.fr\/wp-content\/uploads\/2024\/02\/parapente-signes-1024x592-1-768x444.jpg 768w\" sizes=\"(max-width: 1024px) 100vw, 1024px\" title=\"\">        <\/a>\r\n              <a href=\"https:\/\/www.camping-signes.fr\/de\/alentours\/dorf-der-zeichen\/\" class=\"lieu-alentour currentCat visuel\" data-cat=\"entdeckung\" data-slug=\"dorf-der-zeichen\" data-icone=\"tree-solid\" data-couleur=\"\" data-latitude=\"43.2893162\" data-longitude=\"5.8622092\">\r\n          <div class=\"texte-lieu\">\r\n            <p class=\"categorie-lieu\">\r\n              <i class=\"tree-solid ac\"><\/i>Entdeckung            <\/p>\r\n            <p class=\"titre-lieu\">Dorf Signes <span class=\"icon-hover-card\"><\/span><\/p>\r\n          <\/div>\r\n          <img width=\"1024\" height=\"592\" src=\"https:\/\/www.camping-signes.fr\/wp-content\/uploads\/2024\/02\/signes-1024x592-1.jpg\" class=\"attachment-large size-large\" alt=\"\" decoding=\"async\" loading=\"lazy\" srcset=\"https:\/\/www.camping-signes.fr\/wp-content\/uploads\/2024\/02\/signes-1024x592-1.jpg 1024w, https:\/\/www.camping-signes.fr\/wp-content\/uploads\/2024\/02\/signes-1024x592-1-300x173.jpg 300w, https:\/\/www.camping-signes.fr\/wp-content\/uploads\/2024\/02\/signes-1024x592-1-768x444.jpg 768w\" sizes=\"(max-width: 1024px) 100vw, 1024px\" title=\"\">        <\/a>\r\n              <a href=\"https:\/\/www.camping-signes.fr\/de\/alentours\/circuit-paul-ricard\/\" class=\"lieu-alentour currentCat visuel\" data-cat=\"aktivitaten\" data-slug=\"circuit-paul-ricard\" data-icone=\"horse-saddle-solid\" data-couleur=\"\" data-latitude=\"43.2512842\" data-longitude=\"5.7929988\">\r\n          <div class=\"texte-lieu\">\r\n            <p class=\"categorie-lieu\">\r\n              <i class=\"horse-saddle-solid ac\"><\/i>Aktivit\u00e4ten            <\/p>\r\n            <p class=\"titre-lieu\">Rennstrecke Paul Ricard <span class=\"icon-hover-card\"><\/span><\/p>\r\n          <\/div>\r\n          <img width=\"1024\" height=\"683\" src=\"https:\/\/www.camping-signes.fr\/wp-content\/uploads\/2024\/02\/car-5430496_1920-1024x683-1.jpg\" class=\"attachment-large size-large\" alt=\"\" decoding=\"async\" loading=\"lazy\" srcset=\"https:\/\/www.camping-signes.fr\/wp-content\/uploads\/2024\/02\/car-5430496_1920-1024x683-1.jpg 1024w, https:\/\/www.camping-signes.fr\/wp-content\/uploads\/2024\/02\/car-5430496_1920-1024x683-1-300x200.jpg 300w, https:\/\/www.camping-signes.fr\/wp-content\/uploads\/2024\/02\/car-5430496_1920-1024x683-1-768x512.jpg 768w\" sizes=\"(max-width: 1024px) 100vw, 1024px\" title=\"\">        <\/a>\r\n              <a href=\"https:\/\/www.camping-signes.fr\/de\/alentours\/koenigreich-der-baeume\/\" class=\"lieu-alentour currentCat visuel\" data-cat=\"aktivitaten\" data-slug=\"koenigreich-der-baeume\" data-icone=\"horse-saddle-solid\" data-couleur=\"\" data-latitude=\"43.2443529\" data-longitude=\"5.8041555\">\r\n          <div class=\"texte-lieu\">\r\n            <p class=\"categorie-lieu\">\r\n              <i class=\"horse-saddle-solid ac\"><\/i>Aktivit\u00e4ten            <\/p>\r\n            <p class=\"titre-lieu\">K\u00f6nigreich der B\u00e4ume <span class=\"icon-hover-card\"><\/span><\/p>\r\n          <\/div>\r\n          <img width=\"1024\" height=\"592\" src=\"https:\/\/www.camping-signes.fr\/wp-content\/uploads\/2024\/02\/royaume-des-arbres-1024x592-1.jpg\" class=\"attachment-large size-large\" alt=\"\" decoding=\"async\" loading=\"lazy\" srcset=\"https:\/\/www.camping-signes.fr\/wp-content\/uploads\/2024\/02\/royaume-des-arbres-1024x592-1.jpg 1024w, https:\/\/www.camping-signes.fr\/wp-content\/uploads\/2024\/02\/royaume-des-arbres-1024x592-1-300x173.jpg 300w, https:\/\/www.camping-signes.fr\/wp-content\/uploads\/2024\/02\/royaume-des-arbres-1024x592-1-768x444.jpg 768w\" sizes=\"(max-width: 1024px) 100vw, 1024px\" title=\"\">        <\/a>\r\n              <a href=\"https:\/\/www.camping-signes.fr\/de\/alentours\/haras-de-bois-soleil\/\" class=\"lieu-alentour currentCat visuel\" data-cat=\"sport-sensation-de\" data-slug=\"haras-de-bois-soleil\" data-icone=\"volleyball-solid\" data-couleur=\"\" data-latitude=\"43.285349\" data-longitude=\"5.9913468\">\r\n          <div class=\"texte-lieu\">\r\n            <p class=\"categorie-lieu\">\r\n              <i class=\"volleyball-solid ac\"><\/i>Sport &amp; Sensation            <\/p>\r\n            <p class=\"titre-lieu\">Gest\u00fct Bois soleil <span class=\"icon-hover-card\"><\/span><\/p>\r\n          <\/div>\r\n          <img width=\"1024\" height=\"592\" src=\"https:\/\/www.camping-signes.fr\/wp-content\/uploads\/2024\/02\/promenade-poney-1024x592-1.jpg\" class=\"attachment-large size-large\" alt=\"\" decoding=\"async\" loading=\"lazy\" srcset=\"https:\/\/www.camping-signes.fr\/wp-content\/uploads\/2024\/02\/promenade-poney-1024x592-1.jpg 1024w, https:\/\/www.camping-signes.fr\/wp-content\/uploads\/2024\/02\/promenade-poney-1024x592-1-300x173.jpg 300w, https:\/\/www.camping-signes.fr\/wp-content\/uploads\/2024\/02\/promenade-poney-1024x592-1-768x444.jpg 768w\" sizes=\"(max-width: 1024px) 100vw, 1024px\" title=\"\">        <\/a>\r\n              <a href=\"https:\/\/www.camping-signes.fr\/de\/alentours\/angeln\/\" class=\"lieu-alentour currentCat visuel\" data-cat=\"aktivitaten\" data-slug=\"angeln\" data-icone=\"horse-saddle-solid\" data-couleur=\"\" data-latitude=\"43.2848927\" data-longitude=\"5.8927532\">\r\n          <div class=\"texte-lieu\">\r\n            <p class=\"categorie-lieu\">\r\n              <i class=\"horse-saddle-solid ac\"><\/i>Aktivit\u00e4ten            <\/p>\r\n            <p class=\"titre-lieu\">Angeln <span class=\"icon-hover-card\"><\/span><\/p>\r\n          <\/div>\r\n          <img width=\"1024\" height=\"592\" src=\"https:\/\/www.camping-signes.fr\/wp-content\/uploads\/2024\/02\/peche-1024x592-1.jpg\" class=\"attachment-large size-large\" alt=\"\" decoding=\"async\" loading=\"lazy\" srcset=\"https:\/\/www.camping-signes.fr\/wp-content\/uploads\/2024\/02\/peche-1024x592-1.jpg 1024w, https:\/\/www.camping-signes.fr\/wp-content\/uploads\/2024\/02\/peche-1024x592-1-300x173.jpg 300w, https:\/\/www.camping-signes.fr\/wp-content\/uploads\/2024\/02\/peche-1024x592-1-768x444.jpg 768w\" sizes=\"(max-width: 1024px) 100vw, 1024px\" title=\"\">        <\/a>\r\n              <a href=\"https:\/\/www.camping-signes.fr\/de\/alentours\/du-vin-a-la-cadiere-dazur\/\" class=\"lieu-alentour currentCat visuel\" data-cat=\"entdeckung\" data-slug=\"du-vin-a-la-cadiere-dazur\" data-icone=\"tree-solid\" data-couleur=\"\" data-latitude=\"43.1757338\" data-longitude=\"5.759568\">\r\n          <div class=\"texte-lieu\">\r\n            <p class=\"categorie-lieu\">\r\n              <i class=\"tree-solid ac\"><\/i>Entdeckung            <\/p>\r\n            <p class=\"titre-lieu\">Wein in La Cadi\u00e8re d&#8217;Azur <span class=\"icon-hover-card\"><\/span><\/p>\r\n          <\/div>\r\n          <img width=\"1024\" height=\"592\" src=\"https:\/\/www.camping-signes.fr\/wp-content\/uploads\/2024\/02\/domaines-bunan-1024x592-1.jpg\" class=\"attachment-large size-large\" alt=\"\" decoding=\"async\" loading=\"lazy\" srcset=\"https:\/\/www.camping-signes.fr\/wp-content\/uploads\/2024\/02\/domaines-bunan-1024x592-1.jpg 1024w, https:\/\/www.camping-signes.fr\/wp-content\/uploads\/2024\/02\/domaines-bunan-1024x592-1-300x173.jpg 300w, https:\/\/www.camping-signes.fr\/wp-content\/uploads\/2024\/02\/domaines-bunan-1024x592-1-768x444.jpg 768w\" sizes=\"(max-width: 1024px) 100vw, 1024px\" title=\"\">        <\/a>\r\n              <a href=\"https:\/\/www.camping-signes.fr\/de\/alentours\/o-k-corral\/\" class=\"lieu-alentour currentCat visuel\" data-cat=\"aktivitaten\" data-slug=\"o-k-corral\" data-icone=\"horse-saddle-solid\" data-couleur=\"\" data-latitude=\"43.2928412\" data-longitude=\"5.7194522\">\r\n          <div class=\"texte-lieu\">\r\n            <p class=\"categorie-lieu\">\r\n              <i class=\"horse-saddle-solid ac\"><\/i>Aktivit\u00e4ten            <\/p>\r\n            <p class=\"titre-lieu\">O.K. Corral <span class=\"icon-hover-card\"><\/span><\/p>\r\n          <\/div>\r\n          <img width=\"1024\" height=\"592\" src=\"https:\/\/www.camping-signes.fr\/wp-content\/uploads\/2024\/02\/ok-corral-1024x592-1.jpg\" class=\"attachment-large size-large\" alt=\"\" decoding=\"async\" loading=\"lazy\" srcset=\"https:\/\/www.camping-signes.fr\/wp-content\/uploads\/2024\/02\/ok-corral-1024x592-1.jpg 1024w, https:\/\/www.camping-signes.fr\/wp-content\/uploads\/2024\/02\/ok-corral-1024x592-1-300x173.jpg 300w, https:\/\/www.camping-signes.fr\/wp-content\/uploads\/2024\/02\/ok-corral-1024x592-1-768x444.jpg 768w\" sizes=\"(max-width: 1024px) 100vw, 1024px\" title=\"\">        <\/a>\r\n          <\/div>\r\n    <div id='page_navigation'><\/div>\r\n  <\/div>\r\n\r\n  <div id=\"map-alentours\" class=\"wp-block-column\">\r\n    <div id=\"map\"><\/div>\r\n  <\/div>\r\n\r\n<\/section>\r\n\r\n<\/div>\n\n\n\n<div class=\"is-layout-flex wp-container-18 wp-block-columns alignfull R-25 has-gris-background-color has-background\">\n<div class=\"is-layout-flow wp-block-column texte\">\n<h2 class=\"has-bleu-color has-text-color\">Wanderungen, um die Region zu entdecken<\/h2>\n\n\n\n<p>Gehen Sie gerne zu Fu\u00df, lieben Sie die Weite und die Natur? Mehrere Wanderungen von Signes aus werden Ihnen angeboten, um bestimmte Orte zu entdecken oder wiederzuentdecken, die w\u00e4hrend der Dreharbeiten zu den Filmen <em>&#8222;Manon des sources<\/em> &#8220; und <em>&#8222;Jean de Florette<\/em>&#8220; genutzt wurden.<\/p>\n\n\n\n<p>Oder die des <strong>Siou-Blanc-Massivs<\/strong>, eine h\u00fcbsche Schleife, die am Ende der Wanderung zu &#8222;L&#8217;\u00e9l\u00e9phant de Pierre&#8220;, einer nat\u00fcrlichen Sehensw\u00fcrdigkeit, f\u00fchrt.<\/p>\n\n\n\n<figure class=\"is-layout-flex wp-block-gallery-12 wp-block-gallery has-nested-images columns-2 is-cropped hide-mob fc-auto\">\n<figure class=\"wp-block-image size-full fade-up fc-auto\"><img decoding=\"async\" loading=\"lazy\" width=\"1920\" height=\"1280\" src=\"https:\/\/www.camping-signes.fr\/wp-content\/uploads\/2024\/02\/AdobeStock_83937958.webp\" alt=\"\" class=\"wp-image-498\" srcset=\"https:\/\/www.camping-signes.fr\/wp-content\/uploads\/2024\/02\/AdobeStock_83937958.webp 1920w, https:\/\/www.camping-signes.fr\/wp-content\/uploads\/2024\/02\/AdobeStock_83937958-300x200.webp 300w, https:\/\/www.camping-signes.fr\/wp-content\/uploads\/2024\/02\/AdobeStock_83937958-1024x683.webp 1024w, https:\/\/www.camping-signes.fr\/wp-content\/uploads\/2024\/02\/AdobeStock_83937958-768x512.webp 768w, https:\/\/www.camping-signes.fr\/wp-content\/uploads\/2024\/02\/AdobeStock_83937958-1536x1024.webp 1536w\" sizes=\"(max-width: 1920px) 100vw, 1920px\" title=\"\"><\/figure>\n\n\n\n<figure class=\"wp-block-image size-full fade-up fc-auto\"><img decoding=\"async\" loading=\"lazy\" width=\"1920\" height=\"1440\" src=\"https:\/\/www.camping-signes.fr\/wp-content\/uploads\/2024\/02\/AdobeStock_129749993.webp\" alt=\"\" class=\"wp-image-510\" srcset=\"https:\/\/www.camping-signes.fr\/wp-content\/uploads\/2024\/02\/AdobeStock_129749993.webp 1920w, https:\/\/www.camping-signes.fr\/wp-content\/uploads\/2024\/02\/AdobeStock_129749993-300x225.webp 300w, https:\/\/www.camping-signes.fr\/wp-content\/uploads\/2024\/02\/AdobeStock_129749993-1024x768.webp 1024w, https:\/\/www.camping-signes.fr\/wp-content\/uploads\/2024\/02\/AdobeStock_129749993-768x576.webp 768w, https:\/\/www.camping-signes.fr\/wp-content\/uploads\/2024\/02\/AdobeStock_129749993-1536x1152.webp 1536w\" sizes=\"(max-width: 1920px) 100vw, 1920px\" title=\"\"><\/figure>\n<\/figure>\n<\/div>\n\n\n\n<div class=\"is-layout-flow wp-block-column galerie\">\n<figure class=\"is-layout-flex wp-block-gallery-15 wp-block-gallery has-nested-images columns-2 is-cropped fc-diapo-mob fc-auto\">\n<figure class=\"wp-block-image size-full fade-up fc-auto\"><img decoding=\"async\" loading=\"lazy\" width=\"1920\" height=\"1281\" src=\"https:\/\/www.camping-signes.fr\/wp-content\/uploads\/2024\/02\/AdobeStock_502507059.webp\" alt=\"\" class=\"wp-image-506\" srcset=\"https:\/\/www.camping-signes.fr\/wp-content\/uploads\/2024\/02\/AdobeStock_502507059.webp 1920w, https:\/\/www.camping-signes.fr\/wp-content\/uploads\/2024\/02\/AdobeStock_502507059-300x200.webp 300w, https:\/\/www.camping-signes.fr\/wp-content\/uploads\/2024\/02\/AdobeStock_502507059-1024x683.webp 1024w, https:\/\/www.camping-signes.fr\/wp-content\/uploads\/2024\/02\/AdobeStock_502507059-768x512.webp 768w, https:\/\/www.camping-signes.fr\/wp-content\/uploads\/2024\/02\/AdobeStock_502507059-1536x1025.webp 1536w\" sizes=\"(max-width: 1920px) 100vw, 1920px\" title=\"\"><\/figure>\n\n\n\n<figure class=\"wp-block-image size-full fade-up fc-auto\"><img decoding=\"async\" loading=\"lazy\" width=\"1920\" height=\"1280\" src=\"https:\/\/www.camping-signes.fr\/wp-content\/uploads\/2024\/02\/AdobeStock_164413593.webp\" alt=\"\" class=\"wp-image-486\" srcset=\"https:\/\/www.camping-signes.fr\/wp-content\/uploads\/2024\/02\/AdobeStock_164413593.webp 1920w, https:\/\/www.camping-signes.fr\/wp-content\/uploads\/2024\/02\/AdobeStock_164413593-300x200.webp 300w, https:\/\/www.camping-signes.fr\/wp-content\/uploads\/2024\/02\/AdobeStock_164413593-1024x683.webp 1024w, https:\/\/www.camping-signes.fr\/wp-content\/uploads\/2024\/02\/AdobeStock_164413593-768x512.webp 768w, https:\/\/www.camping-signes.fr\/wp-content\/uploads\/2024\/02\/AdobeStock_164413593-1536x1024.webp 1536w\" sizes=\"(max-width: 1920px) 100vw, 1920px\" title=\"\"><\/figure>\n\n\n\n<figure class=\"wp-block-image size-full fade-up fc-auto\"><img decoding=\"async\" loading=\"lazy\" width=\"1920\" height=\"1276\" src=\"https:\/\/www.camping-signes.fr\/wp-content\/uploads\/2024\/02\/AdobeStock_233257076.webp\" alt=\"\" class=\"wp-image-546\" srcset=\"https:\/\/www.camping-signes.fr\/wp-content\/uploads\/2024\/02\/AdobeStock_233257076.webp 1920w, https:\/\/www.camping-signes.fr\/wp-content\/uploads\/2024\/02\/AdobeStock_233257076-300x199.webp 300w, https:\/\/www.camping-signes.fr\/wp-content\/uploads\/2024\/02\/AdobeStock_233257076-1024x681.webp 1024w, https:\/\/www.camping-signes.fr\/wp-content\/uploads\/2024\/02\/AdobeStock_233257076-768x510.webp 768w, https:\/\/www.camping-signes.fr\/wp-content\/uploads\/2024\/02\/AdobeStock_233257076-1536x1021.webp 1536w\" sizes=\"(max-width: 1920px) 100vw, 1920px\" title=\"\"><\/figure>\n\n\n\n<figure class=\"wp-block-image size-full fade-up fc-auto\"><img decoding=\"async\" loading=\"lazy\" width=\"1920\" height=\"960\" src=\"https:\/\/www.camping-signes.fr\/wp-content\/uploads\/2024\/02\/AdobeStock_215070688.webp\" alt=\"\" class=\"wp-image-478\" srcset=\"https:\/\/www.camping-signes.fr\/wp-content\/uploads\/2024\/02\/AdobeStock_215070688.webp 1920w, https:\/\/www.camping-signes.fr\/wp-content\/uploads\/2024\/02\/AdobeStock_215070688-300x150.webp 300w, https:\/\/www.camping-signes.fr\/wp-content\/uploads\/2024\/02\/AdobeStock_215070688-1024x512.webp 1024w, https:\/\/www.camping-signes.fr\/wp-content\/uploads\/2024\/02\/AdobeStock_215070688-768x384.webp 768w, https:\/\/www.camping-signes.fr\/wp-content\/uploads\/2024\/02\/AdobeStock_215070688-1536x768.webp 1536w\" sizes=\"(max-width: 1920px) 100vw, 1920px\" title=\"\"><\/figure>\n<\/figure>\n\n\n\n<p class=\"citation\">Umgebung &amp; <span class=\"fc-span\">Geschichte<\/span><\/p>\n<\/div>\n<\/div>\n","protected":false},"excerpt":{"rendered":"<p>Entdecken Sie die Region Provence Alpes C\u00f4tes d&#8217;Azur Entdecken Sie bei Ihrem Aufenthalt auf dem Campingplatz La Roudeli\u00e8re eine Oase des Friedens an den Toren der Sainte Baume, 5 Gehminuten vom Dorf Signes und 35 Autominuten vom Meer entfernt. Ein ideales Reiseziel Wanderungen, um die Region zu entdecken Gehen Sie gerne zu Fu\u00df, lieben Sie [&hellip;]<\/p>\n","protected":false},"author":1,"featured_media":0,"parent":0,"menu_order":0,"comment_status":"closed","ping_status":"closed","template":"","meta":[],"acf":[],"_links":{"self":[{"href":"https:\/\/www.camping-signes.fr\/de\/wp-json\/wp\/v2\/pages\/848"}],"collection":[{"href":"https:\/\/www.camping-signes.fr\/de\/wp-json\/wp\/v2\/pages"}],"about":[{"href":"https:\/\/www.camping-signes.fr\/de\/wp-json\/wp\/v2\/types\/page"}],"author":[{"embeddable":true,"href":"https:\/\/www.camping-signes.fr\/de\/wp-json\/wp\/v2\/users\/1"}],"replies":[{"embeddable":true,"href":"https:\/\/www.camping-signes.fr\/de\/wp-json\/wp\/v2\/comments?post=848"}],"version-history":[{"count":6,"href":"https:\/\/www.camping-signes.fr\/de\/wp-json\/wp\/v2\/pages\/848\/revisions"}],"predecessor-version":[{"id":1345,"href":"https:\/\/www.camping-signes.fr\/de\/wp-json\/wp\/v2\/pages\/848\/revisions\/1345"}],"wp:attachment":[{"href":"https:\/\/www.camping-signes.fr\/de\/wp-json\/wp\/v2\/media?parent=848"}],"curies":[{"name":"wp","href":"https:\/\/api.w.org\/{rel}","templated":true}]}}