{"id":870,"date":"2024-02-28T09:04:27","date_gmt":"2024-02-28T08:04:27","guid":{"rendered":"https:\/\/www.camping-signes.fr\/vermietungen\/"},"modified":"2024-10-02T10:43:34","modified_gmt":"2024-10-02T08:43:34","slug":"vermietungen","status":"publish","type":"page","link":"https:\/\/www.camping-signes.fr\/de\/vermietungen\/","title":{"rendered":"Vermietungen"},"content":{"rendered":"\n<div class=\"is-layout-flow wp-block-group alignfull diaporama-header R-05\">\n<figure class=\"is-layout-flex wp-block-gallery-1 wp-block-gallery has-nested-images columns-default is-cropped fc-auto\">\n<figure class=\"wp-block-image size-full fc-auto\"><img decoding=\"async\" loading=\"lazy\" width=\"1920\" height=\"1284\" src=\"https:\/\/www.camping-signes.fr\/wp-content\/uploads\/2024\/02\/AdobeStock_393614653.webp\" alt=\"\" class=\"wp-image-595\" srcset=\"https:\/\/www.camping-signes.fr\/wp-content\/uploads\/2024\/02\/AdobeStock_393614653.webp 1920w, https:\/\/www.camping-signes.fr\/wp-content\/uploads\/2024\/02\/AdobeStock_393614653-300x201.webp 300w, https:\/\/www.camping-signes.fr\/wp-content\/uploads\/2024\/02\/AdobeStock_393614653-1024x685.webp 1024w, https:\/\/www.camping-signes.fr\/wp-content\/uploads\/2024\/02\/AdobeStock_393614653-768x514.webp 768w, https:\/\/www.camping-signes.fr\/wp-content\/uploads\/2024\/02\/AdobeStock_393614653-1536x1027.webp 1536w\" sizes=\"(max-width: 1920px) 100vw, 1920px\" title=\"\"><\/figure>\n<\/figure>\n<\/div>\n\n\n\n<div class=\"is-layout-flex wp-container-9 wp-block-columns R-10 reverse-mob\">\n<div class=\"is-layout-flow wp-block-column galerie\">\n<figure class=\"is-layout-flex wp-block-gallery-4 wp-block-gallery has-nested-images columns-default is-cropped fc-diapo-mob fc-auto\">\n<figure class=\"wp-block-image size-full fade-up fc-auto\"><img decoding=\"async\" loading=\"lazy\" width=\"1024\" height=\"765\" src=\"https:\/\/www.camping-signes.fr\/wp-content\/uploads\/2024\/03\/header-hebergement-2021-1024x765-1.jpg\" alt=\"\" class=\"wp-image-1144\" srcset=\"https:\/\/www.camping-signes.fr\/wp-content\/uploads\/2024\/03\/header-hebergement-2021-1024x765-1.jpg 1024w, https:\/\/www.camping-signes.fr\/wp-content\/uploads\/2024\/03\/header-hebergement-2021-1024x765-1-300x224.jpg 300w, https:\/\/www.camping-signes.fr\/wp-content\/uploads\/2024\/03\/header-hebergement-2021-1024x765-1-768x574.jpg 768w\" sizes=\"(max-width: 1024px) 100vw, 1024px\" title=\"\"><\/figure>\n\n\n\n<figure class=\"wp-block-image size-full fade-up fc-auto\"><img decoding=\"async\" loading=\"lazy\" width=\"1920\" height=\"1280\" src=\"https:\/\/www.camping-signes.fr\/wp-content\/uploads\/2024\/02\/AdobeStock_88567226.webp\" alt=\"\" class=\"wp-image-579\" srcset=\"https:\/\/www.camping-signes.fr\/wp-content\/uploads\/2024\/02\/AdobeStock_88567226.webp 1920w, https:\/\/www.camping-signes.fr\/wp-content\/uploads\/2024\/02\/AdobeStock_88567226-300x200.webp 300w, https:\/\/www.camping-signes.fr\/wp-content\/uploads\/2024\/02\/AdobeStock_88567226-1024x683.webp 1024w, https:\/\/www.camping-signes.fr\/wp-content\/uploads\/2024\/02\/AdobeStock_88567226-768x512.webp 768w, https:\/\/www.camping-signes.fr\/wp-content\/uploads\/2024\/02\/AdobeStock_88567226-1536x1024.webp 1536w\" sizes=\"(max-width: 1920px) 100vw, 1920px\" title=\"\"><\/figure>\n\n\n\n<figure class=\"wp-block-image size-full fade-up fc-auto\"><img decoding=\"async\" loading=\"lazy\" width=\"800\" height=\"479\" src=\"https:\/\/www.camping-signes.fr\/wp-content\/uploads\/2024\/03\/pict_3_1.jpg\" alt=\"\" class=\"wp-image-1169\" srcset=\"https:\/\/www.camping-signes.fr\/wp-content\/uploads\/2024\/03\/pict_3_1.jpg 800w, https:\/\/www.camping-signes.fr\/wp-content\/uploads\/2024\/03\/pict_3_1-300x180.jpg 300w, https:\/\/www.camping-signes.fr\/wp-content\/uploads\/2024\/03\/pict_3_1-768x460.jpg 768w\" sizes=\"(max-width: 800px) 100vw, 800px\" title=\"\"><\/figure>\n<\/figure>\n<\/div>\n\n\n\n<div class=\"is-layout-flow wp-block-column texte\">\n<h1 class=\"has-bleu-color has-text-color\">Vermietung von Mobilheimen f\u00fcr Ihren Urlaub in Var<\/h1>\n\n\n\n<p>Tr\u00e4umen Sie davon, sich zu den Kl\u00e4ngen der Zikaden inmitten der Natur zu erholen? Entdecken Sie die Gr\u00fcne Provence und buchen Sie Ihren Aufenthalt auf dem Campingplatz Paradis La Roudeli\u00e8re.<\/p>\n\n\n\n<p>Wir bieten Ihnen Mietunterk\u00fcnfte, das Zelt Kiwi mit 2 Schlafzimmern f\u00fcr 5 Personen, die kompakte Loggia mit 2 Schlafzimmern f\u00fcr 4 Personen und die Super Titania mit 3 Schlafzimmern f\u00fcr 6 Personen.<\/p>\n\n\n\n<div class=\"is-layout-flex wp-block-buttons\">\n<div class=\"wp-block-button btn_resa btn_resa_loc\"><a class=\"wp-block-button__link wp-element-button\">Ein Mietobjekt buchen<\/a><\/div>\n<\/div>\n\n\n\n<p class=\"citation\">F\u00fcr einen <span class=\"fc-span\">gelungenen<\/span> Urlaub<\/p>\n<\/div>\n<\/div>\n\n\n\n<div class=\"is-layout-constrained wp-block-group fade-up\">\n<ul class=\"pictos\">\n<li><span class=\"fc-icon house-heart-regular\"><\/span>  Komfortvermietungen<\/li>\n\n\n\n<li><span class=\"fc-icon house-tree-regular\"><\/span>  Ungew\u00f6hnliche Unterk\u00fcnfte<\/li>\n\n\n\n<li><span class=\"fc-icon mountains-regular\"><\/span>  Nat\u00fcrlicher Rahmen<\/li>\n<\/ul>\n<\/div>\n\n\n\n<div class=\"is-layout-flex wp-container-15 wp-block-columns alignfull R-15 reverse-mob has-bleu-background-color has-background\">\n<div class=\"is-layout-flow wp-block-column is-vertically-aligned-center texte\">\n<h2 id=\"tout-ce-qu-il-vous-faut-pour-vos-vacances\">Alles, was Sie f\u00fcr Ihren Urlaub brauchen<\/h2>\n\n\n\n<p>Diese Mietunterk\u00fcnfte sind <strong>vollst\u00e4ndig ausgestattet<\/strong> (Geschirr, K\u00fcchenutensilien, Bettdecken, Kopfkissen, Dunstabzugshaube, K\u00fchlschrank, Mikrowelle, Gartenm\u00f6bel&#8230;). <em>Nur Bettw\u00e4sche und Handt\u00fccher werden nicht gestellt.<\/em><\/p>\n\n\n\n<div class=\"wp-block-fc-gut-encart fc-information\">\n<p>Du musst nur an deinen Badeanzug und deine Sonnencreme denken!<\/p>\n<\/div>\n<\/div>\n\n\n\n<div class=\"is-layout-flow wp-block-column galerie\">\n<figure class=\"is-layout-flex wp-block-gallery-12 wp-block-gallery has-nested-images columns-default is-cropped fc-full\">\n<figure class=\"wp-block-image size-full fade-up fc-full\"><img decoding=\"async\" loading=\"lazy\" width=\"1024\" height=\"473\" src=\"https:\/\/www.camping-signes.fr\/wp-content\/uploads\/2024\/03\/camping-paradis-roudeliere-palimier-boutique-3-1024x473-1.jpg\" alt=\"\" class=\"wp-image-1173\" srcset=\"https:\/\/www.camping-signes.fr\/wp-content\/uploads\/2024\/03\/camping-paradis-roudeliere-palimier-boutique-3-1024x473-1.jpg 1024w, https:\/\/www.camping-signes.fr\/wp-content\/uploads\/2024\/03\/camping-paradis-roudeliere-palimier-boutique-3-1024x473-1-300x139.jpg 300w, https:\/\/www.camping-signes.fr\/wp-content\/uploads\/2024\/03\/camping-paradis-roudeliere-palimier-boutique-3-1024x473-1-768x355.jpg 768w\" sizes=\"(max-width: 1024px) 100vw, 1024px\" title=\"\"><\/figure>\n<\/figure>\n<\/div>\n<\/div>\n","protected":false},"excerpt":{"rendered":"<p>Vermietung von Mobilheimen f\u00fcr Ihren Urlaub in Var Tr\u00e4umen Sie davon, sich zu den Kl\u00e4ngen der Zikaden inmitten der Natur zu erholen? Entdecken Sie die Gr\u00fcne Provence und buchen Sie Ihren Aufenthalt auf dem Campingplatz Paradis La Roudeli\u00e8re. Wir bieten Ihnen Mietunterk\u00fcnfte, das Zelt Kiwi mit 2 Schlafzimmern f\u00fcr 5 Personen, die kompakte Loggia mit [&hellip;]<\/p>\n","protected":false},"author":1,"featured_media":0,"parent":0,"menu_order":0,"comment_status":"closed","ping_status":"closed","template":"","meta":[],"acf":[],"_links":{"self":[{"href":"https:\/\/www.camping-signes.fr\/de\/wp-json\/wp\/v2\/pages\/870"}],"collection":[{"href":"https:\/\/www.camping-signes.fr\/de\/wp-json\/wp\/v2\/pages"}],"about":[{"href":"https:\/\/www.camping-signes.fr\/de\/wp-json\/wp\/v2\/types\/page"}],"author":[{"embeddable":true,"href":"https:\/\/www.camping-signes.fr\/de\/wp-json\/wp\/v2\/users\/1"}],"replies":[{"embeddable":true,"href":"https:\/\/www.camping-signes.fr\/de\/wp-json\/wp\/v2\/comments?post=870"}],"version-history":[{"count":6,"href":"https:\/\/www.camping-signes.fr\/de\/wp-json\/wp\/v2\/pages\/870\/revisions"}],"predecessor-version":[{"id":1346,"href":"https:\/\/www.camping-signes.fr\/de\/wp-json\/wp\/v2\/pages\/870\/revisions\/1346"}],"wp:attachment":[{"href":"https:\/\/www.camping-signes.fr\/de\/wp-json\/wp\/v2\/media?parent=870"}],"curies":[{"name":"wp","href":"https:\/\/api.w.org\/{rel}","templated":true}]}}